{"id":20509,"date":"2025-09-04T21:14:00","date_gmt":"2025-09-04T21:14:00","guid":{"rendered":"https:\/\/www.avrilmidia.com.br\/pt-br\/?post_type=product&#038;p=20509"},"modified":"2025-09-04T21:19:26","modified_gmt":"2025-09-04T21:19:26","slug":"cd-avril-lavigne-greatest-hits","status":"publish","type":"product","link":"https:\/\/www.avrilmidia.com.br\/pt-br\/produto\/cd-avril-lavigne-greatest-hits\/","title":{"rendered":"CD &#8211; Avril Lavigne &#8211; Greatest Hits"},"content":{"rendered":"<p style=\"text-align: justify;\" data-start=\"204\" data-end=\"557\">\ud83c\udf1f <strong data-start=\"207\" data-end=\"262\">OS MAIORES SUCESSOS DE AVRIL LAVIGNE EM UM \u00daNICO CD<\/strong><br data-start=\"262\" data-end=\"265\" \/>Reviva os hits que marcaram a carreira de Avril Lavigne com <em data-start=\"325\" data-end=\"344\">The Greatest Hits<\/em>, uma colet\u00e2nea indispens\u00e1vel para f\u00e3s e colecionadores. Este CD re\u00fane os maiores sucessos de diferentes fases da cantora, mostrando sua evolu\u00e7\u00e3o musical e reafirmando sua posi\u00e7\u00e3o como \u00edcone do pop punk mundial.<\/p>\n<p style=\"text-align: justify;\" data-start=\"559\" data-end=\"575\"><strong data-start=\"559\" data-end=\"573\">TRACKLIST:<\/strong><\/p>\n<ol data-start=\"576\" data-end=\"855\">\n<li style=\"text-align: justify;\" data-start=\"576\" data-end=\"592\">\n<p data-start=\"579\" data-end=\"592\">Complicated<\/p>\n<\/li>\n<li style=\"text-align: justify;\" data-start=\"593\" data-end=\"607\">\n<p data-start=\"596\" data-end=\"607\">Sk8er Boi<\/p>\n<\/li>\n<li style=\"text-align: justify;\" data-start=\"608\" data-end=\"625\">\n<p data-start=\"611\" data-end=\"625\">I\u2019m With You<\/p>\n<\/li>\n<li style=\"text-align: justify;\" data-start=\"626\" data-end=\"642\">\n<p data-start=\"629\" data-end=\"642\">Losing Grip<\/p>\n<\/li>\n<li style=\"text-align: justify;\" data-start=\"643\" data-end=\"661\">\n<p data-start=\"646\" data-end=\"661\">Don\u2019t Tell Me<\/p>\n<\/li>\n<li style=\"text-align: justify;\" data-start=\"662\" data-end=\"682\">\n<p data-start=\"665\" data-end=\"682\">My Happy Ending<\/p>\n<\/li>\n<li style=\"text-align: justify;\" data-start=\"683\" data-end=\"701\">\n<p data-start=\"686\" data-end=\"701\">Nobody\u2019s Home<\/p>\n<\/li>\n<li style=\"text-align: justify;\" data-start=\"702\" data-end=\"717\">\n<p data-start=\"705\" data-end=\"717\">Girlfriend<\/p>\n<\/li>\n<li style=\"text-align: justify;\" data-start=\"718\" data-end=\"739\">\n<p data-start=\"721\" data-end=\"739\">When You\u2019re Gone<\/p>\n<\/li>\n<li style=\"text-align: justify;\" data-start=\"740\" data-end=\"749\">\n<p data-start=\"744\" data-end=\"749\">Hot<\/p>\n<\/li>\n<li style=\"text-align: justify;\" data-start=\"750\" data-end=\"769\">\n<p data-start=\"754\" data-end=\"769\">What The Hell<\/p>\n<\/li>\n<li style=\"text-align: justify;\" data-start=\"770\" data-end=\"781\">\n<p data-start=\"774\" data-end=\"781\">Smile<\/p>\n<\/li>\n<li style=\"text-align: justify;\" data-start=\"782\" data-end=\"799\">\n<p data-start=\"786\" data-end=\"799\">Rock N Roll<\/p>\n<\/li>\n<li style=\"text-align: justify;\" data-start=\"800\" data-end=\"832\">\n<p data-start=\"804\" data-end=\"832\">Here\u2019s to Never Growing Up<\/p>\n<\/li>\n<li data-start=\"833\" data-end=\"855\">\n<p style=\"text-align: justify;\" data-start=\"837\" data-end=\"855\">Head Above Water<\/p>\n<\/li>\n<\/ol>\n<hr \/>\n<p style=\"text-align: justify;\" data-start=\"1006\" data-end=\"1155\">\u26a0\ufe0f <strong data-start=\"59\" data-end=\"68\">Nota:<\/strong> O AVRILMIDIA n\u00e3o realiza a venda, distribui\u00e7\u00e3o ou envio deste produto. A comercializa\u00e7\u00e3o \u00e9 feita por nosso parceiro, e n\u00f3s recebemos uma pequena comiss\u00e3o por cada compra realizada atrav\u00e9s do nosso link.<\/p>\n","protected":false},"excerpt":{"rendered":"<p style=\"text-align: justify;\">Reviva os maiores sucessos de Avril Lavigne com o <strong data-start=\"1661\" data-end=\"1697\">CD The Greatest Hits<\/strong>, lan\u00e7ado em 2024. Reunindo cl\u00e1ssicos de toda a carreira da artista, este \u00e1lbum \u00e9 perfeito para f\u00e3s e colecionadores que desejam uma edi\u00e7\u00e3o especial e vibrante com o melhor do pop rock de Avril.<\/p>\n","protected":false},"featured_media":11956,"template":"","meta":{"nf_dc_page":""},"product_brand":[96],"product_cat":[76],"product_tag":[98,94],"class_list":{"0":"post-20509","1":"product","2":"type-product","3":"status-publish","4":"has-post-thumbnail","6":"product_brand-sony-music","7":"product_cat-cds","8":"product_tag-cd","9":"product_tag-greatest-hits","11":"first","12":"instock","13":"featured","14":"sold-individually","15":"shipping-taxable","16":"product-type-external"},"_links":{"self":[{"href":"https:\/\/www.avrilmidia.com.br\/pt-br\/wp-json\/wp\/v2\/product\/20509","targetHints":{"allow":["GET"]}}],"collection":[{"href":"https:\/\/www.avrilmidia.com.br\/pt-br\/wp-json\/wp\/v2\/product"}],"about":[{"href":"https:\/\/www.avrilmidia.com.br\/pt-br\/wp-json\/wp\/v2\/types\/product"}],"wp:featuredmedia":[{"embeddable":true,"href":"https:\/\/www.avrilmidia.com.br\/pt-br\/wp-json\/wp\/v2\/media\/11956"}],"wp:attachment":[{"href":"https:\/\/www.avrilmidia.com.br\/pt-br\/wp-json\/wp\/v2\/media?parent=20509"}],"wp:term":[{"taxonomy":"product_brand","embeddable":true,"href":"https:\/\/www.avrilmidia.com.br\/pt-br\/wp-json\/wp\/v2\/product_brand?post=20509"},{"taxonomy":"product_cat","embeddable":true,"href":"https:\/\/www.avrilmidia.com.br\/pt-br\/wp-json\/wp\/v2\/product_cat?post=20509"},{"taxonomy":"product_tag","embeddable":true,"href":"https:\/\/www.avrilmidia.com.br\/pt-br\/wp-json\/wp\/v2\/product_tag?post=20509"}],"curies":[{"name":"wp","href":"https:\/\/api.w.org\/{rel}","templated":true}]}}