{"id":20505,"date":"2025-09-04T21:01:22","date_gmt":"2025-09-04T21:01:22","guid":{"rendered":"https:\/\/www.avrilmidia.com.br\/pt-br\/?post_type=product&#038;p=20505"},"modified":"2025-09-04T21:08:15","modified_gmt":"2025-09-04T21:08:15","slug":"cd-avril-lavigne-head-above-water","status":"publish","type":"product","link":"https:\/\/www.avrilmidia.com.br\/pt-br\/produto\/cd-avril-lavigne-head-above-water\/","title":{"rendered":"CD &#8211; Avril Lavigne &#8211; Head Above Water"},"content":{"rendered":"<p style=\"text-align: justify;\" data-start=\"190\" data-end=\"566\">\ud83c\udf0a <strong data-start=\"193\" data-end=\"233\">UM \u00c1LBUM DE RENASCIMENTO E SUPERA\u00c7\u00c3O<\/strong><br data-start=\"233\" data-end=\"236\" \/>Ap\u00f3s enfrentar uma dif\u00edcil batalha pessoal contra a Doen\u00e7a de Lyme, Avril Lavigne retornou em 2019 com Head Above Water, um \u00e1lbum poderoso que transmite f\u00e9, for\u00e7a e supera\u00e7\u00e3o. Com uma sonoridade mais madura e emocional, Avril combina baladas intensas e faixas cheias de atitude, mostrando toda sua resili\u00eancia e autenticidade.<\/p>\n<p style=\"text-align: justify;\" data-start=\"568\" data-end=\"584\"><strong data-start=\"568\" data-end=\"582\">TRACKLIST:<\/strong><\/p>\n<ol style=\"text-align: justify;\" data-start=\"585\" data-end=\"821\" data-is-only-node=\"\">\n<li data-start=\"585\" data-end=\"606\">\n<p data-start=\"588\" data-end=\"606\">Head Above Water<\/p>\n<\/li>\n<li data-start=\"607\" data-end=\"618\">\n<p data-start=\"610\" data-end=\"618\">Birdie<\/p>\n<\/li>\n<li data-start=\"619\" data-end=\"653\">\n<p data-start=\"622\" data-end=\"653\">I Fell in Love with the Devil<\/p>\n<\/li>\n<li data-start=\"654\" data-end=\"676\">\n<p data-start=\"657\" data-end=\"676\">Tell Me It\u2019s Over<\/p>\n<\/li>\n<li data-start=\"677\" data-end=\"713\">\n<p data-start=\"680\" data-end=\"713\">Dumb Blonde (feat. Nicki Minaj)<\/p>\n<\/li>\n<li data-start=\"714\" data-end=\"731\">\n<p data-start=\"717\" data-end=\"731\">It Was in Me<\/p>\n<\/li>\n<li data-start=\"732\" data-end=\"745\">\n<p data-start=\"735\" data-end=\"745\">Souvenir<\/p>\n<\/li>\n<li data-start=\"746\" data-end=\"756\">\n<p data-start=\"749\" data-end=\"756\">Crush<\/p>\n<\/li>\n<li data-start=\"757\" data-end=\"769\">\n<p data-start=\"760\" data-end=\"769\">Goddess<\/p>\n<\/li>\n<li data-start=\"770\" data-end=\"786\">\n<p data-start=\"774\" data-end=\"786\">Bigger Wow<\/p>\n<\/li>\n<li data-start=\"787\" data-end=\"807\">\n<p data-start=\"791\" data-end=\"807\">Love Me Insane<\/p>\n<\/li>\n<li data-start=\"808\" data-end=\"821\">\n<p data-start=\"812\" data-end=\"821\">Warrior<\/p>\n<\/li>\n<\/ol>\n<hr \/>\n<p style=\"text-align: justify;\" data-start=\"1006\" data-end=\"1155\">\u26a0\ufe0f <strong data-start=\"59\" data-end=\"68\">Nota:<\/strong> O AVRILMIDIA n\u00e3o realiza a venda, distribui\u00e7\u00e3o ou envio deste produto. A comercializa\u00e7\u00e3o \u00e9 feita por nosso parceiro, e n\u00f3s recebemos uma pequena comiss\u00e3o por cada compra realizada atrav\u00e9s do nosso link.<\/p>\n","protected":false},"excerpt":{"rendered":"<p style=\"text-align: justify;\">Celebre a carreira da artista com o <strong data-start=\"573\" data-end=\"625\">CD Head Above Water<\/strong>, lan\u00e7ado em 2019. Este \u00e1mbum, repleto de sucessos, transmitindo\u00a0f\u00e9, for\u00e7a e supera\u00e7\u00e3o, destaca a evolu\u00e7\u00e3o da cantora e \u00e9 perfeito para f\u00e3s que buscam uma edi\u00e7\u00e3o diferenciada e exclusiva em sua cole\u00e7\u00e3o de CDs.<\/p>\n","protected":false},"featured_media":20507,"template":"","meta":{"nf_dc_page":""},"product_brand":[95],"product_cat":[76],"product_tag":[91,98],"class_list":{"0":"post-20505","1":"product","2":"type-product","3":"status-publish","4":"has-post-thumbnail","6":"product_brand-legacy-recordings","7":"product_cat-cds","8":"product_tag-avril-lavigne","9":"product_tag-cd","11":"first","12":"instock","13":"featured","14":"sold-individually","15":"shipping-taxable","16":"product-type-external"},"_links":{"self":[{"href":"https:\/\/www.avrilmidia.com.br\/pt-br\/wp-json\/wp\/v2\/product\/20505","targetHints":{"allow":["GET"]}}],"collection":[{"href":"https:\/\/www.avrilmidia.com.br\/pt-br\/wp-json\/wp\/v2\/product"}],"about":[{"href":"https:\/\/www.avrilmidia.com.br\/pt-br\/wp-json\/wp\/v2\/types\/product"}],"wp:featuredmedia":[{"embeddable":true,"href":"https:\/\/www.avrilmidia.com.br\/pt-br\/wp-json\/wp\/v2\/media\/20507"}],"wp:attachment":[{"href":"https:\/\/www.avrilmidia.com.br\/pt-br\/wp-json\/wp\/v2\/media?parent=20505"}],"wp:term":[{"taxonomy":"product_brand","embeddable":true,"href":"https:\/\/www.avrilmidia.com.br\/pt-br\/wp-json\/wp\/v2\/product_brand?post=20505"},{"taxonomy":"product_cat","embeddable":true,"href":"https:\/\/www.avrilmidia.com.br\/pt-br\/wp-json\/wp\/v2\/product_cat?post=20505"},{"taxonomy":"product_tag","embeddable":true,"href":"https:\/\/www.avrilmidia.com.br\/pt-br\/wp-json\/wp\/v2\/product_tag?post=20505"}],"curies":[{"name":"wp","href":"https:\/\/api.w.org\/{rel}","templated":true}]}}