{"id":20503,"date":"2025-09-04T20:57:25","date_gmt":"2025-09-04T20:57:25","guid":{"rendered":"https:\/\/www.avrilmidia.com.br\/pt-br\/?post_type=product&#038;p=20503"},"modified":"2025-09-04T21:00:31","modified_gmt":"2025-09-04T21:00:31","slug":"cd-avril-lavigne-avril-lavigne","status":"publish","type":"product","link":"https:\/\/www.avrilmidia.com.br\/pt-br\/produto\/cd-avril-lavigne-avril-lavigne\/","title":{"rendered":"CD &#8211; Avril Lavigne &#8211; Avril Lavigne"},"content":{"rendered":"<p style=\"text-align: justify;\" data-start=\"257\" data-end=\"671\">\ud83c\udfa4 <strong data-start=\"260\" data-end=\"301\">O RETORNO \u00c0S ORIGENS COM NOVA ENERGIA<\/strong><br data-start=\"301\" data-end=\"304\" \/>Lan\u00e7ado em 2013, o \u00e1lbum autointitulado <em data-start=\"344\" data-end=\"359\">Avril Lavigne<\/em> mistura o estilo pop punk cl\u00e1ssico da cantora com novas influ\u00eancias. Entre faixas divertidas, baladas emocionantes e experimenta\u00e7\u00f5es ousadas, o \u00e1lbum mostra Avril reinventando-se sem perder sua identidade. Destaque para <em data-start=\"580\" data-end=\"608\">Here\u2019s To Never Growing Up<\/em>, <em data-start=\"610\" data-end=\"623\">Rock N Roll<\/em> e a parceria com Chad Kroeger em <em data-start=\"657\" data-end=\"668\">Let Me Go<\/em>.<\/p>\n<p style=\"text-align: justify;\" data-start=\"673\" data-end=\"689\"><strong data-start=\"673\" data-end=\"687\">TRACKLIST:<\/strong><\/p>\n<ol style=\"text-align: justify;\" data-start=\"690\" data-end=\"1000\">\n<li data-start=\"690\" data-end=\"706\">\n<p data-start=\"693\" data-end=\"706\">Rock N Roll<\/p>\n<\/li>\n<li data-start=\"707\" data-end=\"738\">\n<p data-start=\"710\" data-end=\"738\">Here\u2019s To Never Growing Up<\/p>\n<\/li>\n<li data-start=\"739\" data-end=\"746\">\n<p data-start=\"742\" data-end=\"746\">17<\/p>\n<\/li>\n<li data-start=\"747\" data-end=\"767\">\n<p data-start=\"750\" data-end=\"767\">Bitchin\u2019 Summer<\/p>\n<\/li>\n<li data-start=\"768\" data-end=\"803\">\n<p data-start=\"771\" data-end=\"803\">Let Me Go (feat. Chad Kroeger)<\/p>\n<\/li>\n<li data-start=\"804\" data-end=\"831\">\n<p data-start=\"807\" data-end=\"831\">Give You What You Like<\/p>\n<\/li>\n<li data-start=\"832\" data-end=\"868\">\n<p data-start=\"835\" data-end=\"868\">Bad Girl (feat. Marilyn Manson)<\/p>\n<\/li>\n<li data-start=\"869\" data-end=\"885\">\n<p data-start=\"872\" data-end=\"885\">Hello Kitty<\/p>\n<\/li>\n<li data-start=\"886\" data-end=\"917\">\n<p data-start=\"889\" data-end=\"917\">You Ain\u2019t Seen Nothin\u2019 Yet<\/p>\n<\/li>\n<li data-start=\"918\" data-end=\"943\">\n<p data-start=\"922\" data-end=\"943\">Sippin\u2019 on Sunshine<\/p>\n<\/li>\n<li data-start=\"944\" data-end=\"965\">\n<p data-start=\"948\" data-end=\"965\">Hello Heartache<\/p>\n<\/li>\n<li data-start=\"966\" data-end=\"984\">\n<p data-start=\"970\" data-end=\"984\">Falling Fast<\/p>\n<\/li>\n<li data-start=\"985\" data-end=\"1000\">\n<p data-start=\"989\" data-end=\"1000\">Hush Hush<\/p>\n<\/li>\n<\/ol>\n<hr \/>\n<p style=\"text-align: justify;\" data-start=\"1006\" data-end=\"1155\">\u26a0\ufe0f <strong data-start=\"59\" data-end=\"68\">Nota:<\/strong> O AVRILMIDIA n\u00e3o realiza a venda, distribui\u00e7\u00e3o ou envio deste produto. A comercializa\u00e7\u00e3o \u00e9 feita por nosso parceiro, e n\u00f3s recebemos uma pequena comiss\u00e3o por cada compra realizada atrav\u00e9s do nosso link.<\/p>\n","protected":false},"excerpt":{"rendered":"<p style=\"text-align: justify;\">Celebre a carreira da artista com o <strong data-start=\"573\" data-end=\"625\">CD Avril Lavigne<\/strong>, lan\u00e7ado em 2013. Este \u00e1mbum, repleto de sucessos pop rock, destaca a evolu\u00e7\u00e3o da cantora e \u00e9 perfeito para f\u00e3s que buscam uma edi\u00e7\u00e3o diferenciada e exclusiva em sua cole\u00e7\u00e3o de CDs.<\/p>\n","protected":false},"featured_media":20504,"template":"","meta":{"nf_dc_page":""},"product_brand":[95],"product_cat":[76],"product_tag":[91,98],"class_list":{"0":"post-20503","1":"product","2":"type-product","3":"status-publish","4":"has-post-thumbnail","6":"product_brand-legacy-recordings","7":"product_cat-cds","8":"product_tag-avril-lavigne","9":"product_tag-cd","11":"first","12":"instock","13":"featured","14":"sold-individually","15":"shipping-taxable","16":"product-type-external"},"_links":{"self":[{"href":"https:\/\/www.avrilmidia.com.br\/pt-br\/wp-json\/wp\/v2\/product\/20503","targetHints":{"allow":["GET"]}}],"collection":[{"href":"https:\/\/www.avrilmidia.com.br\/pt-br\/wp-json\/wp\/v2\/product"}],"about":[{"href":"https:\/\/www.avrilmidia.com.br\/pt-br\/wp-json\/wp\/v2\/types\/product"}],"wp:featuredmedia":[{"embeddable":true,"href":"https:\/\/www.avrilmidia.com.br\/pt-br\/wp-json\/wp\/v2\/media\/20504"}],"wp:attachment":[{"href":"https:\/\/www.avrilmidia.com.br\/pt-br\/wp-json\/wp\/v2\/media?parent=20503"}],"wp:term":[{"taxonomy":"product_brand","embeddable":true,"href":"https:\/\/www.avrilmidia.com.br\/pt-br\/wp-json\/wp\/v2\/product_brand?post=20503"},{"taxonomy":"product_cat","embeddable":true,"href":"https:\/\/www.avrilmidia.com.br\/pt-br\/wp-json\/wp\/v2\/product_cat?post=20503"},{"taxonomy":"product_tag","embeddable":true,"href":"https:\/\/www.avrilmidia.com.br\/pt-br\/wp-json\/wp\/v2\/product_tag?post=20503"}],"curies":[{"name":"wp","href":"https:\/\/api.w.org\/{rel}","templated":true}]}}