{"id":20501,"date":"2025-09-04T20:53:17","date_gmt":"2025-09-04T20:53:17","guid":{"rendered":"https:\/\/www.avrilmidia.com.br\/pt-br\/?post_type=product&#038;p=20501"},"modified":"2025-09-04T20:56:33","modified_gmt":"2025-09-04T20:56:33","slug":"cd-avril-lavigne-goodbye-lullaby","status":"publish","type":"product","link":"https:\/\/www.avrilmidia.com.br\/pt-br\/produto\/cd-avril-lavigne-goodbye-lullaby\/","title":{"rendered":"CD &#8211; Avril Lavigne &#8211; Goodbye Lullaby"},"content":{"rendered":"<p style=\"text-align: justify;\" data-start=\"1885\" data-end=\"2104\">\ud83c\udf19 <strong data-start=\"1888\" data-end=\"1930\">O LADO MAIS INTIMISTA DE AVRIL LAVIGNE<\/strong><br data-start=\"1930\" data-end=\"1933\" \/>Em 2011, Avril mostrou uma nova faceta em Goodbye Lullaby, trazendo baladas emocionantes e can\u00e7\u00f5es introspectivas como Wish You Were Here, Smile e What the Hel<em data-start=\"2086\" data-end=\"2101\">l<\/em>.<\/p>\n<p style=\"text-align: justify;\" data-start=\"2106\" data-end=\"2122\"><strong data-start=\"2106\" data-end=\"2120\">TRACKLIST:<\/strong><\/p>\n<ol data-start=\"2123\" data-end=\"2353\">\n<li style=\"text-align: justify;\" data-start=\"2123\" data-end=\"2138\">\n<p data-start=\"2126\" data-end=\"2138\">Black Star<\/p>\n<\/li>\n<li style=\"text-align: justify;\" data-start=\"2139\" data-end=\"2157\">\n<p data-start=\"2142\" data-end=\"2157\">What the Hell<\/p>\n<\/li>\n<li style=\"text-align: justify;\" data-start=\"2158\" data-end=\"2167\">\n<p data-start=\"2161\" data-end=\"2167\">Push<\/p>\n<\/li>\n<li style=\"text-align: justify;\" data-start=\"2168\" data-end=\"2191\">\n<p data-start=\"2171\" data-end=\"2191\">Wish You Were Here<\/p>\n<\/li>\n<li style=\"text-align: justify;\" data-start=\"2192\" data-end=\"2202\">\n<p data-start=\"2195\" data-end=\"2202\">Smile<\/p>\n<\/li>\n<li style=\"text-align: justify;\" data-start=\"2203\" data-end=\"2227\">\n<p data-start=\"2206\" data-end=\"2227\">Stop Standing There<\/p>\n<\/li>\n<li style=\"text-align: justify;\" data-start=\"2228\" data-end=\"2243\">\n<p data-start=\"2231\" data-end=\"2243\">I Love You<\/p>\n<\/li>\n<li style=\"text-align: justify;\" data-start=\"2244\" data-end=\"2264\">\n<p data-start=\"2247\" data-end=\"2264\">Everybody Hurts<\/p>\n<\/li>\n<li style=\"text-align: justify;\" data-start=\"2265\" data-end=\"2280\">\n<p data-start=\"2268\" data-end=\"2280\">Not Enough<\/p>\n<\/li>\n<li style=\"text-align: justify;\" data-start=\"2281\" data-end=\"2293\">\n<p data-start=\"2285\" data-end=\"2293\">4 Real<\/p>\n<\/li>\n<li style=\"text-align: justify;\" data-start=\"2294\" data-end=\"2307\">\n<p data-start=\"2298\" data-end=\"2307\">Darlin\u2019<\/p>\n<\/li>\n<li style=\"text-align: justify;\" data-start=\"2308\" data-end=\"2327\">\n<p data-start=\"2312\" data-end=\"2327\">Remember When<\/p>\n<\/li>\n<li style=\"text-align: justify;\" data-start=\"2328\" data-end=\"2341\">\n<p data-start=\"2332\" data-end=\"2341\">Goodbye<\/p>\n<\/li>\n<li data-start=\"2342\" data-end=\"2353\">\n<p style=\"text-align: justify;\" data-start=\"2346\" data-end=\"2353\">Alice<\/p>\n<\/li>\n<\/ol>\n<hr \/>\n<p style=\"text-align: justify;\" data-start=\"1006\" data-end=\"1155\">\u26a0\ufe0f <strong data-start=\"59\" data-end=\"68\">Nota:<\/strong> O AVRILMIDIA n\u00e3o realiza a venda, distribui\u00e7\u00e3o ou envio deste produto. A comercializa\u00e7\u00e3o \u00e9 feita por nosso parceiro, e n\u00f3s recebemos uma pequena comiss\u00e3o por cada compra realizada atrav\u00e9s do nosso link.<\/p>\n","protected":false},"excerpt":{"rendered":"<p style=\"text-align: justify;\">Sinta a emo\u00e7\u00e3o e a vulnerabilidade de Avril Lavigne com o <strong data-start=\"229\" data-end=\"264\">CD Goodbye Lullabye<\/strong>, lan\u00e7ado em 2011. Com faixas introspectivas e mel\u00f3dicas como What the Hell e Smile, o \u00e1lbum revela o lado mais pessoal da cantora, tornando-se uma pe\u00e7a essencial para f\u00e3s e colecionadores que apreciam vinis especiais.<\/p>\n","protected":false},"featured_media":20502,"template":"","meta":{"nf_dc_page":""},"product_brand":[96],"product_cat":[76],"product_tag":[98,90],"class_list":{"0":"post-20501","1":"product","2":"type-product","3":"status-publish","4":"has-post-thumbnail","6":"product_brand-sony-music","7":"product_cat-cds","8":"product_tag-cd","9":"product_tag-goodbye-lullaby","11":"first","12":"instock","13":"featured","14":"sold-individually","15":"shipping-taxable","16":"product-type-external"},"_links":{"self":[{"href":"https:\/\/www.avrilmidia.com.br\/pt-br\/wp-json\/wp\/v2\/product\/20501","targetHints":{"allow":["GET"]}}],"collection":[{"href":"https:\/\/www.avrilmidia.com.br\/pt-br\/wp-json\/wp\/v2\/product"}],"about":[{"href":"https:\/\/www.avrilmidia.com.br\/pt-br\/wp-json\/wp\/v2\/types\/product"}],"wp:featuredmedia":[{"embeddable":true,"href":"https:\/\/www.avrilmidia.com.br\/pt-br\/wp-json\/wp\/v2\/media\/20502"}],"wp:attachment":[{"href":"https:\/\/www.avrilmidia.com.br\/pt-br\/wp-json\/wp\/v2\/media?parent=20501"}],"wp:term":[{"taxonomy":"product_brand","embeddable":true,"href":"https:\/\/www.avrilmidia.com.br\/pt-br\/wp-json\/wp\/v2\/product_brand?post=20501"},{"taxonomy":"product_cat","embeddable":true,"href":"https:\/\/www.avrilmidia.com.br\/pt-br\/wp-json\/wp\/v2\/product_cat?post=20501"},{"taxonomy":"product_tag","embeddable":true,"href":"https:\/\/www.avrilmidia.com.br\/pt-br\/wp-json\/wp\/v2\/product_tag?post=20501"}],"curies":[{"name":"wp","href":"https:\/\/api.w.org\/{rel}","templated":true}]}}