{"id":20491,"date":"2025-09-04T20:34:51","date_gmt":"2025-09-04T20:34:51","guid":{"rendered":"https:\/\/www.avrilmidia.com.br\/pt-br\/?post_type=product&#038;p=20491"},"modified":"2025-09-04T20:51:08","modified_gmt":"2025-09-04T20:51:08","slug":"cd-avril-lavigne-let-go","status":"publish","type":"product","link":"https:\/\/www.avrilmidia.com.br\/pt-br\/produto\/cd-avril-lavigne-let-go\/","title":{"rendered":"CD &#8211; Avril Lavigne &#8211; Let Go"},"content":{"rendered":"<p style=\"text-align: justify;\" data-start=\"166\" data-end=\"468\">\ud83c\udfb6 <strong data-start=\"169\" data-end=\"212\">O \u00c1LBUM DE ESTREIA QUE MUDOU O POP PUNK<\/strong><br data-start=\"212\" data-end=\"215\" \/>Lan\u00e7ado em 2002, Let Go apresentou Avril Lavigne ao mundo e rapidamente se tornou um cl\u00e1ssico dos anos 2000. Com hits como Complicated, Sk8er Boi e I\u2019m With You, o \u00e1lbum conquistou milh\u00f5es de f\u00e3s e consolidou a cantora como \u00edcone da juventude.<\/p>\n<p style=\"text-align: justify;\" data-start=\"470\" data-end=\"486\"><strong data-start=\"470\" data-end=\"484\">TRACKLIST:<\/strong><\/p>\n<ol data-start=\"487\" data-end=\"716\">\n<li style=\"text-align: justify;\" data-start=\"487\" data-end=\"503\">\n<p data-start=\"490\" data-end=\"503\">Losing Grip<\/p>\n<\/li>\n<li style=\"text-align: justify;\" data-start=\"504\" data-end=\"520\">\n<p data-start=\"507\" data-end=\"520\">Complicated<\/p>\n<\/li>\n<li style=\"text-align: justify;\" data-start=\"521\" data-end=\"535\">\n<p data-start=\"524\" data-end=\"535\">Sk8er Boi<\/p>\n<\/li>\n<li style=\"text-align: justify;\" data-start=\"536\" data-end=\"553\">\n<p data-start=\"539\" data-end=\"553\">I\u2019m With You<\/p>\n<\/li>\n<li style=\"text-align: justify;\" data-start=\"554\" data-end=\"565\">\n<p data-start=\"557\" data-end=\"565\">Mobile<\/p>\n<\/li>\n<li style=\"text-align: justify;\" data-start=\"566\" data-end=\"579\">\n<p data-start=\"569\" data-end=\"579\">Unwanted<\/p>\n<\/li>\n<li style=\"text-align: justify;\" data-start=\"580\" data-end=\"593\">\n<p data-start=\"583\" data-end=\"593\">Tomorrow<\/p>\n<\/li>\n<li style=\"text-align: justify;\" data-start=\"594\" data-end=\"620\">\n<p data-start=\"597\" data-end=\"620\">Anything But Ordinary<\/p>\n<\/li>\n<li style=\"text-align: justify;\" data-start=\"621\" data-end=\"647\">\n<p data-start=\"624\" data-end=\"647\">Things I\u2019ll Never Say<\/p>\n<\/li>\n<li style=\"text-align: justify;\" data-start=\"648\" data-end=\"662\">\n<p data-start=\"652\" data-end=\"662\">My World<\/p>\n<\/li>\n<li style=\"text-align: justify;\" data-start=\"663\" data-end=\"682\">\n<p data-start=\"667\" data-end=\"682\">Nobody\u2019s Fool<\/p>\n<\/li>\n<li style=\"text-align: justify;\" data-start=\"683\" data-end=\"704\">\n<p data-start=\"687\" data-end=\"704\">Too Much to Ask<\/p>\n<\/li>\n<li data-start=\"705\" data-end=\"716\">\n<p style=\"text-align: justify;\" data-start=\"709\" data-end=\"716\">Naked<\/p>\n<\/li>\n<\/ol>\n<hr \/>\n<p style=\"text-align: justify;\" data-start=\"1006\" data-end=\"1155\">\u26a0\ufe0f <strong data-start=\"59\" data-end=\"68\">Nota:<\/strong> O AVRILMIDIA n\u00e3o realiza a venda, distribui\u00e7\u00e3o ou envio deste produto. A comercializa\u00e7\u00e3o \u00e9 feita por nosso parceiro, e n\u00f3s recebemos uma pequena comiss\u00e3o por cada compra realizada atrav\u00e9s do nosso link.<\/p>\n<p>&nbsp;<\/p>\n","protected":false},"excerpt":{"rendered":"<p style=\"text-align: justify;\">Reviva a estreia marcante de Avril Lavigne com o <strong data-start=\"114\" data-end=\"130\">CD Let Go<\/strong>, \u00e1lbum que apresentou ao mundo cl\u00e1ssicos como Complicated, Sk8er Boi e I\u2019m With You. Lan\u00e7ado em 2002, este \u00e1lbum \u00e9 considerado um dos \u00e1lbuns mais importantes do pop rock dos anos 2000, reunindo atitude, emo\u00e7\u00e3o e autenticidade. Uma pe\u00e7a indispens\u00e1vel para f\u00e3s da cantora e colecionadores que valorizam edi\u00e7\u00f5es em vinil de \u00e1lbuns ic\u00f4nicos.<\/p>\n","protected":false},"featured_media":8202,"template":"","meta":{"nf_dc_page":""},"product_brand":[96],"product_cat":[76],"product_tag":[98,86],"class_list":{"0":"post-20491","1":"product","2":"type-product","3":"status-publish","4":"has-post-thumbnail","6":"product_brand-sony-music","7":"product_cat-cds","8":"product_tag-cd","9":"product_tag-let-go","11":"first","12":"instock","13":"featured","14":"sold-individually","15":"shipping-taxable","16":"product-type-external"},"_links":{"self":[{"href":"https:\/\/www.avrilmidia.com.br\/pt-br\/wp-json\/wp\/v2\/product\/20491","targetHints":{"allow":["GET"]}}],"collection":[{"href":"https:\/\/www.avrilmidia.com.br\/pt-br\/wp-json\/wp\/v2\/product"}],"about":[{"href":"https:\/\/www.avrilmidia.com.br\/pt-br\/wp-json\/wp\/v2\/types\/product"}],"wp:featuredmedia":[{"embeddable":true,"href":"https:\/\/www.avrilmidia.com.br\/pt-br\/wp-json\/wp\/v2\/media\/8202"}],"wp:attachment":[{"href":"https:\/\/www.avrilmidia.com.br\/pt-br\/wp-json\/wp\/v2\/media?parent=20491"}],"wp:term":[{"taxonomy":"product_brand","embeddable":true,"href":"https:\/\/www.avrilmidia.com.br\/pt-br\/wp-json\/wp\/v2\/product_brand?post=20491"},{"taxonomy":"product_cat","embeddable":true,"href":"https:\/\/www.avrilmidia.com.br\/pt-br\/wp-json\/wp\/v2\/product_cat?post=20491"},{"taxonomy":"product_tag","embeddable":true,"href":"https:\/\/www.avrilmidia.com.br\/pt-br\/wp-json\/wp\/v2\/product_tag?post=20491"}],"curies":[{"name":"wp","href":"https:\/\/api.w.org\/{rel}","templated":true}]}}